{"id":17525,"date":"2019-06-04T09:53:39","date_gmt":"2019-06-04T09:53:39","guid":{"rendered":"http:\/\/www.aeroportlleida.cat.mialias.net\/turismo\/"},"modified":"2019-11-14T08:24:33","modified_gmt":"2019-11-14T08:24:33","slug":"turismo","status":"publish","type":"page","link":"https:\/\/aeroportlleida.cat\/es\/turismo\/","title":{"rendered":"Turismo"},"content":{"rendered":"<div class=\"wpb-content-wrapper\"><p>[vc_row css_animation=\u00bb\u00bb row_type=\u00bbrow\u00bb use_row_as_full_screen_section=\u00bbno\u00bb type=\u00bbgrid\u00bb angled_section=\u00bbno\u00bb text_align=\u00bbleft\u00bb background_image_as_pattern=\u00bbwithout_pattern\u00bb z_index=\u00bb\u00bb][vc_column offset=\u00bbvc_hidden-lg vc_hidden-md vc_hidden-sm\u00bb css=\u00bb.vc_custom_1560768033472{padding-top: 40px !important;}\u00bb][vc_column_text]<\/p>\n<p style=\"text-align: center;\">Con el aeropuerto en servicio este territorio afronta un nuevo reto y una oportunidad para crear nuevos servicios y actividades con valor a\u00f1adido, que complementen y se nutran la vez de los beneficios que puede aportar esta infraestructura.<\/p>\n<p style=\"text-align: center;\">Los vuelos sirven para dar a conocer la cultura, el patrimonio hist\u00f3rico y la gastronom\u00eda de Poniente, y potenciar sus atractivos tur\u00edsticos.<\/p>\n<p>[\/vc_column_text][\/vc_column][\/vc_row][vc_row css_animation=\u00bb\u00bb row_type=\u00bbrow\u00bb use_row_as_full_screen_section=\u00bbno\u00bb type=\u00bbgrid\u00bb angled_section=\u00bbno\u00bb text_align=\u00bbleft\u00bb background_image_as_pattern=\u00bbwithout_pattern\u00bb css=\u00bb.vc_custom_1560767938949{padding-top: 3% !important;padding-bottom: 3% !important;}\u00bb z_index=\u00bb\u00bb][vc_column offset=\u00bbvc_hidden-xs\u00bb][vc_column_text][\/vc_column_text][\/vc_column][\/vc_row][vc_row css_animation=\u00bb\u00bb row_type=\u00bbrow\u00bb use_row_as_full_screen_section=\u00bbno\u00bb type=\u00bbgrid\u00bb angled_section=\u00bbno\u00bb text_align=\u00bbleft\u00bb background_image_as_pattern=\u00bbwithout_pattern\u00bb z_index=\u00bb\u00bb css=\u00bb.vc_custom_1560768214534{background-color: #ffffff !important;}\u00bb][vc_column offset=\u00bbvc_hidden-lg vc_hidden-md vc_hidden-sm\u00bb css=\u00bb.vc_custom_1560768033472{padding-top: 40px !important;}\u00bb][vc_empty_space height=\u00bb30&#8243; css=\u00bb.vc_custom_1560769608100{margin-top: -10px !important;}\u00bb][\/vc_column][\/vc_row][vc_row css_animation=\u00bb\u00bb row_type=\u00bbrow\u00bb use_row_as_full_screen_section=\u00bbno\u00bb type=\u00bbgrid\u00bb angled_section=\u00bbno\u00bb text_align=\u00bbleft\u00bb background_image_as_pattern=\u00bbwithout_pattern\u00bb z_index=\u00bb\u00bb css=\u00bb.vc_custom_1561634069397{padding-bottom: 3% !important;background-color: #ffffff !important;}\u00bb][vc_column width=\u00bb1\/3&#8243;][vc_single_image image=\u00bb17348&#8243; img_size=\u00bbfull\u00bb qode_css_animation=\u00bb\u00bb][vc_empty_space height=\u00bb30px\u00bb css=\u00bb.vc_custom_1546002281263{margin-top: -10px !important;}\u00bb][vc_column_text]<\/p>\n<h3 style=\"text-align: left;\"><span style=\"color: #f21c00;\"><a style=\"color: #f21c00;\" href=\"http:\/\/www.turismelleida.cat\" target=\"_blank\" rel=\"noopener noreferrer\">www.turismelleida.cat<\/a><\/span><\/h3>\n<p>[\/vc_column_text][vc_empty_space height=\u00bb20px\u00bb css=\u00bb.vc_custom_1545999541784{margin-top: -10px !important;}\u00bb][vc_column_text]La ciudad de <strong>Lleida<\/strong> es la capital de una extensa comarca situada en el extremo occidental de Catalu\u00f1a denominada el Segri\u00e0 y que debe su nombre al r\u00edo que la cruza: el Segre. Lleida es el aut\u00e9ntico motor econ\u00f3mico y demogr\u00e1fico de la Catalu\u00f1a Interior.<\/p>\n<p>Mimada por la historia, las calles de Lleida, acogen innumerables tesoros monumentales y culturales que conviven con la actividad y la iniciativa de una ciudad moderna que mira al futuro.<\/p>\n<p>Visite todo, pero no olvide que esta es una ciudad coronada por dos espl\u00e9ndidos Castells: el de la Seu Vella y el Templario de Gardeny Y si adem\u00e1s le gusta el arte, no puede perderse la visita al Museo de Lleida y el moderno equipamiento de la Lonja de Lleida Teatro y Palacio de Congresos de la ciudad.[\/vc_column_text][vc_empty_space height=\u00bb32&#8243; css=\u00bb.vc_custom_1560769542956{margin-top: -10px !important;}\u00bb][vc_single_image image=\u00bb16996&#8243; img_size=\u00bbmedium\u00bb alignment=\u00bbcenter\u00bb qode_css_animation=\u00bb\u00bb][vc_empty_space height=\u00bb75&#8243; css=\u00bb.vc_custom_1560769464357{margin-top: -10px !important;}\u00bb][\/vc_column][vc_column width=\u00bb1\/3&#8243;][vc_single_image image=\u00bb17354&#8243; img_size=\u00bbfull\u00bb qode_css_animation=\u00bb\u00bb][vc_empty_space height=\u00bb30px\u00bb css=\u00bb.vc_custom_1546002281263{margin-top: -10px !important;}\u00bb][vc_column_text]<\/p>\n<h3 style=\"text-align: left;\"><span style=\"color: #f21c00;\"><a style=\"color: #f21c00;\" href=\"http:\/\/www.aralleida.cat\" target=\"_blank\" rel=\"noopener noreferrer\">www.aralleida.cat<\/a><\/span><\/h3>\n<p>[\/vc_column_text][vc_empty_space height=\u00bb20px\u00bb css=\u00bb.vc_custom_1545999541784{margin-top: -10px !important;}\u00bb][vc_column_text]Las <strong>Tierras de Lleida<\/strong> sorprenden por la diversidad de propuestas; los paisajes de la llanura est\u00e1n cruzados por mil y una rutas con encanto como la Ruta de los Castillos del Si\u00f3, la Ruta del C\u00edster, el Camino de Santiago, el Tren de los Lagos entre otros.<\/p>\n<p>La capital, Lleida, es una ciudad abierta donde el legado cultural -la magn\u00edfica catedral de la Seu Vella o el Museo diocesano- convive con infraestructuras modern\u00edsimas como el Palacio de Congresos o el aeropuerto de Lleida-Alguaire.<\/p>\n<p>Fiestas y tradiciones ancestrales, parajes naturales id\u00f3neos para los amantes de la ornitolog\u00eda y una gastronom\u00eda basada en los productos naturales son otros activos de una demarcaci\u00f3n donde gente acogidora y pueblos con car\u00e1cter seducir\u00e1n al visitante.<\/p>\n<p>[\/vc_column_text][vc_empty_space height=\u00bb32&#8243; css=\u00bb.vc_custom_1560769542956{margin-top: -10px !important;}\u00bb][vc_single_image image=\u00bb16993&#8243; img_size=\u00bbmedium\u00bb alignment=\u00bbcenter\u00bb qode_css_animation=\u00bb\u00bb][vc_empty_space height=\u00bb75&#8243; css=\u00bb.vc_custom_1560769464357{margin-top: -10px !important;}\u00bb][\/vc_column][vc_column width=\u00bb1\/3&#8243;][vc_single_image image=\u00bb17351&#8243; img_size=\u00bbfull\u00bb qode_css_animation=\u00bb\u00bb][vc_empty_space height=\u00bb30px\u00bb css=\u00bb.vc_custom_1546002286760{margin-top: -10px !important;}\u00bb][vc_column_text]<\/p>\n<h3 style=\"text-align: left;\"><span style=\"color: #f21c00;\"><a style=\"color: #f21c00;\" href=\"http:\/\/www.visitpirineus.com\" target=\"_blank\" rel=\"noopener noreferrer\">www.visitpirineus.com<\/a><\/span><\/h3>\n<p>[\/vc_column_text][vc_empty_space height=\u00bb20px\u00bb css=\u00bb.vc_custom_1545999541784{margin-top: -10px !important;}\u00bb][vc_column_text]Considerado un para\u00edso del esqu\u00ed y de los deportes de aventura, el Pirineo de Lleida invita al visitante a descubrir una naturaleza en su estado m\u00e1s puro. Destaca del Parque Nacional de Aig\u00fcestortes y el lago de San Mauricio \u00ab-el \u00fanico parque nacional de Catalu\u00f1a- y los parques naturales del Cad\u00ed-Moixer\u00f3 y del Alto Pirineo.<\/p>\n<p>Un paisaje, adem\u00e1s, cargado de historia &#8211; con un sorprendente patrimonio cultural donde sobresale el conjunto rom\u00e1nico de la Vall de Bo\u00ed, declarado Patrimonio de la Humanidad y que invita a degustar una cocina sabrosa elaborada con los mejores productos tradicionales y artesanales.<\/p>\n<p>[\/vc_column_text][vc_empty_space height=\u00bb20px\u00bb css=\u00bb.vc_custom_1545999541784{margin-top: -10px !important;}\u00bb][vc_empty_space height=\u00bb20px\u00bb css=\u00bb.vc_custom_1545999541784{margin-top: -10px !important;}\u00bb][vc_empty_space height=\u00bb20px\u00bb css=\u00bb.vc_custom_1545999541784{margin-top: -10px !important;}\u00bb][vc_single_image image=\u00bb16999&#8243; img_size=\u00bbmedium\u00bb alignment=\u00bbcenter\u00bb qode_css_animation=\u00bb\u00bb][vc_empty_space height=\u00bb75&#8243; css=\u00bb.vc_custom_1560769464357{margin-top: -10px !important;}\u00bb][\/vc_column][\/vc_row][vc_row css_animation=\u00bb\u00bb row_type=\u00bbrow\u00bb use_row_as_full_screen_section=\u00bbno\u00bb type=\u00bbfull_width\u00bb angled_section=\u00bbno\u00bb text_align=\u00bbleft\u00bb background_image_as_pattern=\u00bbwithout_pattern\u00bb][vc_column]<div class=\"call_to_action normal\" style=\"background-color: #f1f1f1;\"><div class=\"container_inner\"><div class=\"two_columns_75_25 clearfix\"><div class=\"text_wrapper column1\"><div class=\"call_to_action_text \" style=\"\">\n<h6 style=\"text-align: left;\"><span style=\"color: #ffffff;\"><span style=\"color: #f53644;\"><strong><span style=\"color: #f53644;\">Aeroport Lleida-Alguaire.<\/span><span style=\"color: #292929;\"> Para cualquier consulta contacten con nosotros<\/span><\/strong><\/span><\/span><\/h6>\n<\/div><\/div><div class=\"button_wrapper column2\"><a itemprop=\"url\" href=\"\/es\/contacto\/\" class=\"qbutton white small\" target=\"\" style=\"color: #ffffff;border-color: #000000;background-color: #000000;\"data-hover-background-color=#f53644 data-hover-border-color=#f53644 data-hover-color=#ffffff>CONTACTO<\/a><\/div><\/div><\/div><\/div>[\/vc_column][\/vc_row]<\/p>\n<\/div>","protected":false},"excerpt":{"rendered":"<p>[vc_row css_animation=\u00bb\u00bb row_type=\u00bbrow\u00bb use_row_as_full_screen_section=\u00bbno\u00bb type=\u00bbgrid\u00bb angled_section=\u00bbno\u00bb text_align=\u00bbleft\u00bb background_image_as_pattern=\u00bbwithout_pattern\u00bb z_index=\u00bb\u00bb][vc_column offset=\u00bbvc_hidden-lg vc_hidden-md vc_hidden-sm\u00bb css=\u00bb.vc_custom_1560768033472{padding-top: 40px !important;}\u00bb][vc_column_text] Con el aeropuerto en servicio este territorio afronta un nuevo reto y una oportunidad para&#8230;<\/p>\n","protected":false},"author":8,"featured_media":0,"parent":0,"menu_order":20,"comment_status":"open","ping_status":"open","template":"full_width.php","meta":{"footnotes":""},"class_list":["post-17525","page","type-page","status-publish","hentry"],"yoast_head":"<!-- This site is optimized with the Yoast SEO plugin v27.5 - https:\/\/yoast.com\/product\/yoast-seo-wordpress\/ -->\n<title>Turismo - Aeroport de Lleida-Alguaire<\/title>\n<meta name=\"robots\" content=\"index, follow, max-snippet:-1, max-image-preview:large, max-video-preview:-1\" \/>\n<link rel=\"canonical\" href=\"https:\/\/aeroportlleida.cat\/es\/turismo\/\" \/>\n<meta property=\"og:locale\" content=\"es_ES\" \/>\n<meta property=\"og:type\" content=\"article\" \/>\n<meta property=\"og:title\" content=\"Turismo - Aeroport de Lleida-Alguaire\" \/>\n<meta property=\"og:description\" content=\"[vc_row css_animation=\u00bb\u00bb row_type=\u00bbrow\u00bb use_row_as_full_screen_section=\u00bbno\u00bb type=\u00bbgrid\u00bb angled_section=\u00bbno\u00bb text_align=\u00bbleft\u00bb background_image_as_pattern=\u00bbwithout_pattern\u00bb z_index=\u00bb\u00bb][vc_column offset=\u00bbvc_hidden-lg vc_hidden-md vc_hidden-sm\u00bb css=\u00bb.vc_custom_1560768033472{padding-top: 40px !important;}\u00bb][vc_column_text] Con el aeropuerto en servicio este territorio afronta un nuevo reto y una oportunidad para...\" \/>\n<meta property=\"og:url\" content=\"https:\/\/aeroportlleida.cat\/es\/turismo\/\" \/>\n<meta property=\"og:site_name\" content=\"Aeroport de Lleida-Alguaire\" \/>\n<meta property=\"article:modified_time\" content=\"2019-11-14T08:24:33+00:00\" \/>\n<meta name=\"twitter:card\" content=\"summary_large_image\" \/>\n<meta name=\"twitter:label1\" content=\"Tiempo de lectura\" \/>\n\t<meta name=\"twitter:data1\" content=\"5 minutos\" \/>\n<script type=\"application\/ld+json\" class=\"yoast-schema-graph\">{\"@context\":\"https:\\\/\\\/schema.org\",\"@graph\":[{\"@type\":\"WebPage\",\"@id\":\"https:\\\/\\\/aeroportlleida.cat\\\/es\\\/turismo\\\/\",\"url\":\"https:\\\/\\\/aeroportlleida.cat\\\/es\\\/turismo\\\/\",\"name\":\"Turismo - Aeroport de Lleida-Alguaire\",\"isPartOf\":{\"@id\":\"https:\\\/\\\/aeroportlleida.cat\\\/#website\"},\"datePublished\":\"2019-06-04T09:53:39+00:00\",\"dateModified\":\"2019-11-14T08:24:33+00:00\",\"breadcrumb\":{\"@id\":\"https:\\\/\\\/aeroportlleida.cat\\\/es\\\/turismo\\\/#breadcrumb\"},\"inLanguage\":\"es\",\"potentialAction\":[{\"@type\":\"ReadAction\",\"target\":[\"https:\\\/\\\/aeroportlleida.cat\\\/es\\\/turismo\\\/\"]}]},{\"@type\":\"BreadcrumbList\",\"@id\":\"https:\\\/\\\/aeroportlleida.cat\\\/es\\\/turismo\\\/#breadcrumb\",\"itemListElement\":[{\"@type\":\"ListItem\",\"position\":1,\"name\":\"Inici\",\"item\":\"https:\\\/\\\/aeroportlleida.cat\\\/es\\\/\"},{\"@type\":\"ListItem\",\"position\":2,\"name\":\"Turismo\"}]},{\"@type\":\"WebSite\",\"@id\":\"https:\\\/\\\/aeroportlleida.cat\\\/#website\",\"url\":\"https:\\\/\\\/aeroportlleida.cat\\\/\",\"name\":\"Aeroport de Lleida-Alguaire\",\"description\":\"Aeropuerto de Lleida-Alguaire\",\"publisher\":{\"@id\":\"https:\\\/\\\/aeroportlleida.cat\\\/#organization\"},\"potentialAction\":[{\"@type\":\"SearchAction\",\"target\":{\"@type\":\"EntryPoint\",\"urlTemplate\":\"https:\\\/\\\/aeroportlleida.cat\\\/?s={search_term_string}\"},\"query-input\":{\"@type\":\"PropertyValueSpecification\",\"valueRequired\":true,\"valueName\":\"search_term_string\"}}],\"inLanguage\":\"es\"},{\"@type\":\"Organization\",\"@id\":\"https:\\\/\\\/aeroportlleida.cat\\\/#organization\",\"name\":\"Aeroport de Lleida\",\"url\":\"https:\\\/\\\/aeroportlleida.cat\\\/\",\"logo\":{\"@type\":\"ImageObject\",\"inLanguage\":\"es\",\"@id\":\"https:\\\/\\\/aeroportlleida.cat\\\/#\\\/schema\\\/logo\\\/image\\\/\",\"url\":\"http:\\\/\\\/aeroportlleida.cat\\\/wp-content\\\/uploads\\\/2019\\\/04\\\/front-aero-lleida.jpg\",\"contentUrl\":\"http:\\\/\\\/aeroportlleida.cat\\\/wp-content\\\/uploads\\\/2019\\\/04\\\/front-aero-lleida.jpg\",\"width\":2000,\"height\":950,\"caption\":\"Aeroport de Lleida\"},\"image\":{\"@id\":\"https:\\\/\\\/aeroportlleida.cat\\\/#\\\/schema\\\/logo\\\/image\\\/\"}}]}<\/script>\n<!-- \/ Yoast SEO plugin. -->","yoast_head_json":{"title":"Turismo - Aeroport de Lleida-Alguaire","robots":{"index":"index","follow":"follow","max-snippet":"max-snippet:-1","max-image-preview":"max-image-preview:large","max-video-preview":"max-video-preview:-1"},"canonical":"https:\/\/aeroportlleida.cat\/es\/turismo\/","og_locale":"es_ES","og_type":"article","og_title":"Turismo - Aeroport de Lleida-Alguaire","og_description":"[vc_row css_animation=\u00bb\u00bb row_type=\u00bbrow\u00bb use_row_as_full_screen_section=\u00bbno\u00bb type=\u00bbgrid\u00bb angled_section=\u00bbno\u00bb text_align=\u00bbleft\u00bb background_image_as_pattern=\u00bbwithout_pattern\u00bb z_index=\u00bb\u00bb][vc_column offset=\u00bbvc_hidden-lg vc_hidden-md vc_hidden-sm\u00bb css=\u00bb.vc_custom_1560768033472{padding-top: 40px !important;}\u00bb][vc_column_text] Con el aeropuerto en servicio este territorio afronta un nuevo reto y una oportunidad para...","og_url":"https:\/\/aeroportlleida.cat\/es\/turismo\/","og_site_name":"Aeroport de Lleida-Alguaire","article_modified_time":"2019-11-14T08:24:33+00:00","twitter_card":"summary_large_image","twitter_misc":{"Tiempo de lectura":"5 minutos"},"schema":{"@context":"https:\/\/schema.org","@graph":[{"@type":"WebPage","@id":"https:\/\/aeroportlleida.cat\/es\/turismo\/","url":"https:\/\/aeroportlleida.cat\/es\/turismo\/","name":"Turismo - Aeroport de Lleida-Alguaire","isPartOf":{"@id":"https:\/\/aeroportlleida.cat\/#website"},"datePublished":"2019-06-04T09:53:39+00:00","dateModified":"2019-11-14T08:24:33+00:00","breadcrumb":{"@id":"https:\/\/aeroportlleida.cat\/es\/turismo\/#breadcrumb"},"inLanguage":"es","potentialAction":[{"@type":"ReadAction","target":["https:\/\/aeroportlleida.cat\/es\/turismo\/"]}]},{"@type":"BreadcrumbList","@id":"https:\/\/aeroportlleida.cat\/es\/turismo\/#breadcrumb","itemListElement":[{"@type":"ListItem","position":1,"name":"Inici","item":"https:\/\/aeroportlleida.cat\/es\/"},{"@type":"ListItem","position":2,"name":"Turismo"}]},{"@type":"WebSite","@id":"https:\/\/aeroportlleida.cat\/#website","url":"https:\/\/aeroportlleida.cat\/","name":"Aeroport de Lleida-Alguaire","description":"Aeropuerto de Lleida-Alguaire","publisher":{"@id":"https:\/\/aeroportlleida.cat\/#organization"},"potentialAction":[{"@type":"SearchAction","target":{"@type":"EntryPoint","urlTemplate":"https:\/\/aeroportlleida.cat\/?s={search_term_string}"},"query-input":{"@type":"PropertyValueSpecification","valueRequired":true,"valueName":"search_term_string"}}],"inLanguage":"es"},{"@type":"Organization","@id":"https:\/\/aeroportlleida.cat\/#organization","name":"Aeroport de Lleida","url":"https:\/\/aeroportlleida.cat\/","logo":{"@type":"ImageObject","inLanguage":"es","@id":"https:\/\/aeroportlleida.cat\/#\/schema\/logo\/image\/","url":"http:\/\/aeroportlleida.cat\/wp-content\/uploads\/2019\/04\/front-aero-lleida.jpg","contentUrl":"http:\/\/aeroportlleida.cat\/wp-content\/uploads\/2019\/04\/front-aero-lleida.jpg","width":2000,"height":950,"caption":"Aeroport de Lleida"},"image":{"@id":"https:\/\/aeroportlleida.cat\/#\/schema\/logo\/image\/"}}]}},"_links":{"self":[{"href":"https:\/\/aeroportlleida.cat\/es\/wp-json\/wp\/v2\/pages\/17525","targetHints":{"allow":["GET"]}}],"collection":[{"href":"https:\/\/aeroportlleida.cat\/es\/wp-json\/wp\/v2\/pages"}],"about":[{"href":"https:\/\/aeroportlleida.cat\/es\/wp-json\/wp\/v2\/types\/page"}],"author":[{"embeddable":true,"href":"https:\/\/aeroportlleida.cat\/es\/wp-json\/wp\/v2\/users\/8"}],"replies":[{"embeddable":true,"href":"https:\/\/aeroportlleida.cat\/es\/wp-json\/wp\/v2\/comments?post=17525"}],"version-history":[{"count":20,"href":"https:\/\/aeroportlleida.cat\/es\/wp-json\/wp\/v2\/pages\/17525\/revisions"}],"predecessor-version":[{"id":18606,"href":"https:\/\/aeroportlleida.cat\/es\/wp-json\/wp\/v2\/pages\/17525\/revisions\/18606"}],"wp:attachment":[{"href":"https:\/\/aeroportlleida.cat\/es\/wp-json\/wp\/v2\/media?parent=17525"}],"curies":[{"name":"wp","href":"https:\/\/api.w.org\/{rel}","templated":true}]}}