{"id":20424,"date":"2025-11-26T09:49:01","date_gmt":"2025-11-26T08:49:01","guid":{"rendered":"https:\/\/aeroportlleida.cat\/camaras\/"},"modified":"2025-11-26T09:49:01","modified_gmt":"2025-11-26T08:49:01","slug":"camaras","status":"publish","type":"page","link":"https:\/\/aeroportlleida.cat\/es\/camaras\/","title":{"rendered":"C\u00e1maras"},"content":{"rendered":"\t\t<div data-elementor-type=\"wp-page\" data-elementor-id=\"20424\" class=\"elementor elementor-20424\">\n\t\t\t\t\t\t<section class=\"elementor-section elementor-top-section elementor-element elementor-element-87f97c3 elementor-section-boxed elementor-section-height-default elementor-section-height-default\" data-id=\"87f97c3\" data-element_type=\"section\" data-e-type=\"section\">\n\t\t\t\t\t\t<div class=\"elementor-container elementor-column-gap-default\">\n\t\t\t\t\t<div class=\"elementor-column elementor-col-100 elementor-top-column elementor-element elementor-element-5684778\" data-id=\"5684778\" data-element_type=\"column\" data-e-type=\"column\">\n\t\t\t<div class=\"elementor-widget-wrap elementor-element-populated\">\n\t\t\t\t\t\t<div class=\"elementor-element elementor-element-5156f70 elementor-widget elementor-widget-heading\" data-id=\"5156f70\" data-element_type=\"widget\" data-e-type=\"widget\" data-widget_type=\"heading.default\">\n\t\t\t\t<div class=\"elementor-widget-container\">\n\t\t\t\t\t<h2 class=\"elementor-heading-title elementor-size-default\">Cap\u00e7alera 13<\/h2>\t\t\t\t<\/div>\n\t\t\t\t<\/div>\n\t\t\t\t<div class=\"elementor-element elementor-element-5f7572b elementor-widget elementor-widget-shortcode\" data-id=\"5f7572b\" data-element_type=\"widget\" data-e-type=\"widget\" data-widget_type=\"shortcode.default\">\n\t\t\t\t<div class=\"elementor-widget-container\">\n\t\t\t\t\t\t\t<div class=\"elementor-shortcode\">\t\t\t\t\t\t<div id=\"bradmax-player-69f100e71e765\" style=\"width:500px;height:250px;border:solid 1px gray\" class=\"\" ><\/div>\n \n\t<script type=\"text\/javascript\">\n\t\tfunction bradmaxPlayerInit_69f100e71e765() {\n\t\t\tvar bradmaxPlayerConfig_69f100e71e765 = {\"dataProvider\":{\"source\":[{\"url\":\"https:\\\/\\\/rtspweb.tandemprojects.me\\\/stream\\\/2e403acb-5d30-460c-b534-2d22a1bdd103\\\/channel\\\/0\\\/hls\\\/live\\\/index.m3u8\"}]},\"autoplay\":true};\n\t\t\tvar element = document.getElementById(\"bradmax-player-69f100e71e765\");\n\t\t\tvar player = window.bradmax.player.create(element, bradmaxPlayerConfig_69f100e71e765);\n\t\t\t\/\/ Back compability.\n\t\t\tif(!window.player) {\n\t\t\t\twindow.player = player;\n\t\t\t}\n\t\t}\n\t\tif(window.bradmax && window.bradmax.player) {\n\t\t\tbradmaxPlayerInit_69f100e71e765();\n\t\t} else {\n\t\t\twindow.addEventListener('load', bradmaxPlayerInit_69f100e71e765);\n\t\t}\n\t<\/script>\n<\/div>\n\t\t\t\t\t\t<\/div>\n\t\t\t\t<\/div>\n\t\t\t\t\t<\/div>\n\t\t<\/div>\n\t\t\t\t\t<\/div>\n\t\t<\/section>\n\t\t\t\t<section class=\"elementor-section elementor-top-section elementor-element elementor-element-d8d31b9 elementor-section-boxed elementor-section-height-default elementor-section-height-default\" data-id=\"d8d31b9\" data-element_type=\"section\" data-e-type=\"section\">\n\t\t\t\t\t\t<div class=\"elementor-container elementor-column-gap-default\">\n\t\t\t\t\t<div class=\"elementor-column elementor-col-100 elementor-top-column elementor-element elementor-element-df5bef9\" data-id=\"df5bef9\" data-element_type=\"column\" data-e-type=\"column\">\n\t\t\t<div class=\"elementor-widget-wrap elementor-element-populated\">\n\t\t\t\t\t\t<div class=\"elementor-element elementor-element-0f16917 elementor-widget elementor-widget-heading\" data-id=\"0f16917\" data-element_type=\"widget\" data-e-type=\"widget\" data-widget_type=\"heading.default\">\n\t\t\t\t<div class=\"elementor-widget-container\">\n\t\t\t\t\t<h2 class=\"elementor-heading-title elementor-size-default\">Cap\u00e7alera 31<\/h2>\t\t\t\t<\/div>\n\t\t\t\t<\/div>\n\t\t\t\t<div class=\"elementor-element elementor-element-d833409 elementor-widget elementor-widget-shortcode\" data-id=\"d833409\" data-element_type=\"widget\" data-e-type=\"widget\" data-widget_type=\"shortcode.default\">\n\t\t\t\t<div class=\"elementor-widget-container\">\n\t\t\t\t\t\t\t<div class=\"elementor-shortcode\">\t\t\t\t\t\t<div id=\"bradmax-player-69f100e71ebbd\" style=\"width:500px;height:250px;border:solid 1px gray\" class=\"\" ><\/div>\n \n\t<script type=\"text\/javascript\">\n\t\tfunction bradmaxPlayerInit_69f100e71ebbd() {\n\t\t\tvar bradmaxPlayerConfig_69f100e71ebbd = {\"dataProvider\":{\"source\":[{\"url\":\"https:\\\/\\\/rtspweb.tandemprojects.me\\\/stream\\\/87ad4967-2b85-44db-acb2-491edbe2f69f\\\/channel\\\/0\\\/hlsll\\\/live\\\/index.m3u8\"}]},\"autoplay\":true};\n\t\t\tvar element = document.getElementById(\"bradmax-player-69f100e71ebbd\");\n\t\t\tvar player = window.bradmax.player.create(element, bradmaxPlayerConfig_69f100e71ebbd);\n\t\t\t\/\/ Back compability.\n\t\t\tif(!window.player) {\n\t\t\t\twindow.player = player;\n\t\t\t}\n\t\t}\n\t\tif(window.bradmax && window.bradmax.player) {\n\t\t\tbradmaxPlayerInit_69f100e71ebbd();\n\t\t} else {\n\t\t\twindow.addEventListener('load', bradmaxPlayerInit_69f100e71ebbd);\n\t\t}\n\t<\/script>\n<\/div>\n\t\t\t\t\t\t<\/div>\n\t\t\t\t<\/div>\n\t\t\t\t\t<\/div>\n\t\t<\/div>\n\t\t\t\t\t<\/div>\n\t\t<\/section>\n\t\t\t\t<section class=\"elementor-section elementor-top-section elementor-element elementor-element-bd300a2 elementor-section-boxed elementor-section-height-default elementor-section-height-default\" data-id=\"bd300a2\" data-element_type=\"section\" data-e-type=\"section\">\n\t\t\t\t\t\t<div class=\"elementor-container elementor-column-gap-default\">\n\t\t\t\t\t<div class=\"elementor-column elementor-col-100 elementor-top-column elementor-element elementor-element-c1c44a3\" data-id=\"c1c44a3\" data-element_type=\"column\" data-e-type=\"column\">\n\t\t\t<div class=\"elementor-widget-wrap elementor-element-populated\">\n\t\t\t\t\t\t<div class=\"elementor-element elementor-element-cb6ac92 elementor-widget elementor-widget-html\" data-id=\"cb6ac92\" data-element_type=\"widget\" data-e-type=\"widget\" data-widget_type=\"html.default\">\n\t\t\t\t<div class=\"elementor-widget-container\">\n\t\t\t\t\t<style>\n    .title_subtitle_holder_inner {\n    position: relative;\n    display: none;\n}\n<\/style>\t\t\t\t<\/div>\n\t\t\t\t<\/div>\n\t\t\t\t\t<\/div>\n\t\t<\/div>\n\t\t\t\t\t<\/div>\n\t\t<\/section>\n\t\t\t\t<\/div>\n\t\t","protected":false},"excerpt":{"rendered":"<p>Cap\u00e7alera 13 Cap\u00e7alera 31<\/p>\n","protected":false},"author":8,"featured_media":0,"parent":0,"menu_order":0,"comment_status":"closed","ping_status":"closed","template":"","meta":{"footnotes":""},"class_list":["post-20424","page","type-page","status-publish","hentry"],"yoast_head":"<!-- This site is optimized with the Yoast SEO plugin v27.5 - https:\/\/yoast.com\/product\/yoast-seo-wordpress\/ -->\n<title>C\u00e1maras - Aeroport de Lleida-Alguaire<\/title>\n<meta name=\"robots\" content=\"index, follow, max-snippet:-1, max-image-preview:large, max-video-preview:-1\" \/>\n<link rel=\"canonical\" href=\"https:\/\/aeroportlleida.cat\/camaras\/\" \/>\n<meta property=\"og:locale\" content=\"es_ES\" \/>\n<meta property=\"og:type\" content=\"article\" \/>\n<meta property=\"og:title\" content=\"C\u00e1maras - Aeroport de Lleida-Alguaire\" \/>\n<meta property=\"og:description\" content=\"Cap\u00e7alera 13 Cap\u00e7alera 31\" \/>\n<meta property=\"og:url\" content=\"https:\/\/aeroportlleida.cat\/camaras\/\" \/>\n<meta property=\"og:site_name\" content=\"Aeroport de Lleida-Alguaire\" \/>\n<meta name=\"twitter:card\" content=\"summary_large_image\" \/>\n<script type=\"application\/ld+json\" class=\"yoast-schema-graph\">{\"@context\":\"https:\\\/\\\/schema.org\",\"@graph\":[{\"@type\":\"WebPage\",\"@id\":\"https:\\\/\\\/aeroportlleida.cat\\\/camaras\\\/\",\"url\":\"https:\\\/\\\/aeroportlleida.cat\\\/camaras\\\/\",\"name\":\"C\u00e1maras - Aeroport de Lleida-Alguaire\",\"isPartOf\":{\"@id\":\"https:\\\/\\\/aeroportlleida.cat\\\/#website\"},\"datePublished\":\"2025-11-26T08:49:01+00:00\",\"breadcrumb\":{\"@id\":\"https:\\\/\\\/aeroportlleida.cat\\\/camaras\\\/#breadcrumb\"},\"inLanguage\":\"es\",\"potentialAction\":[{\"@type\":\"ReadAction\",\"target\":[\"https:\\\/\\\/aeroportlleida.cat\\\/camaras\\\/\"]}]},{\"@type\":\"BreadcrumbList\",\"@id\":\"https:\\\/\\\/aeroportlleida.cat\\\/camaras\\\/#breadcrumb\",\"itemListElement\":[{\"@type\":\"ListItem\",\"position\":1,\"name\":\"Inici\",\"item\":\"https:\\\/\\\/aeroportlleida.cat\\\/es\\\/\"},{\"@type\":\"ListItem\",\"position\":2,\"name\":\"C\u00e1maras\"}]},{\"@type\":\"WebSite\",\"@id\":\"https:\\\/\\\/aeroportlleida.cat\\\/#website\",\"url\":\"https:\\\/\\\/aeroportlleida.cat\\\/\",\"name\":\"Aeroport de Lleida-Alguaire\",\"description\":\"Aeropuerto de Lleida-Alguaire\",\"publisher\":{\"@id\":\"https:\\\/\\\/aeroportlleida.cat\\\/#organization\"},\"potentialAction\":[{\"@type\":\"SearchAction\",\"target\":{\"@type\":\"EntryPoint\",\"urlTemplate\":\"https:\\\/\\\/aeroportlleida.cat\\\/?s={search_term_string}\"},\"query-input\":{\"@type\":\"PropertyValueSpecification\",\"valueRequired\":true,\"valueName\":\"search_term_string\"}}],\"inLanguage\":\"es\"},{\"@type\":\"Organization\",\"@id\":\"https:\\\/\\\/aeroportlleida.cat\\\/#organization\",\"name\":\"Aeroport de Lleida\",\"url\":\"https:\\\/\\\/aeroportlleida.cat\\\/\",\"logo\":{\"@type\":\"ImageObject\",\"inLanguage\":\"es\",\"@id\":\"https:\\\/\\\/aeroportlleida.cat\\\/#\\\/schema\\\/logo\\\/image\\\/\",\"url\":\"http:\\\/\\\/aeroportlleida.cat\\\/wp-content\\\/uploads\\\/2019\\\/04\\\/front-aero-lleida.jpg\",\"contentUrl\":\"http:\\\/\\\/aeroportlleida.cat\\\/wp-content\\\/uploads\\\/2019\\\/04\\\/front-aero-lleida.jpg\",\"width\":2000,\"height\":950,\"caption\":\"Aeroport de Lleida\"},\"image\":{\"@id\":\"https:\\\/\\\/aeroportlleida.cat\\\/#\\\/schema\\\/logo\\\/image\\\/\"}}]}<\/script>\n<!-- \/ Yoast SEO plugin. -->","yoast_head_json":{"title":"C\u00e1maras - Aeroport de Lleida-Alguaire","robots":{"index":"index","follow":"follow","max-snippet":"max-snippet:-1","max-image-preview":"max-image-preview:large","max-video-preview":"max-video-preview:-1"},"canonical":"https:\/\/aeroportlleida.cat\/camaras\/","og_locale":"es_ES","og_type":"article","og_title":"C\u00e1maras - Aeroport de Lleida-Alguaire","og_description":"Cap\u00e7alera 13 Cap\u00e7alera 31","og_url":"https:\/\/aeroportlleida.cat\/camaras\/","og_site_name":"Aeroport de Lleida-Alguaire","twitter_card":"summary_large_image","schema":{"@context":"https:\/\/schema.org","@graph":[{"@type":"WebPage","@id":"https:\/\/aeroportlleida.cat\/camaras\/","url":"https:\/\/aeroportlleida.cat\/camaras\/","name":"C\u00e1maras - Aeroport de Lleida-Alguaire","isPartOf":{"@id":"https:\/\/aeroportlleida.cat\/#website"},"datePublished":"2025-11-26T08:49:01+00:00","breadcrumb":{"@id":"https:\/\/aeroportlleida.cat\/camaras\/#breadcrumb"},"inLanguage":"es","potentialAction":[{"@type":"ReadAction","target":["https:\/\/aeroportlleida.cat\/camaras\/"]}]},{"@type":"BreadcrumbList","@id":"https:\/\/aeroportlleida.cat\/camaras\/#breadcrumb","itemListElement":[{"@type":"ListItem","position":1,"name":"Inici","item":"https:\/\/aeroportlleida.cat\/es\/"},{"@type":"ListItem","position":2,"name":"C\u00e1maras"}]},{"@type":"WebSite","@id":"https:\/\/aeroportlleida.cat\/#website","url":"https:\/\/aeroportlleida.cat\/","name":"Aeroport de Lleida-Alguaire","description":"Aeropuerto de Lleida-Alguaire","publisher":{"@id":"https:\/\/aeroportlleida.cat\/#organization"},"potentialAction":[{"@type":"SearchAction","target":{"@type":"EntryPoint","urlTemplate":"https:\/\/aeroportlleida.cat\/?s={search_term_string}"},"query-input":{"@type":"PropertyValueSpecification","valueRequired":true,"valueName":"search_term_string"}}],"inLanguage":"es"},{"@type":"Organization","@id":"https:\/\/aeroportlleida.cat\/#organization","name":"Aeroport de Lleida","url":"https:\/\/aeroportlleida.cat\/","logo":{"@type":"ImageObject","inLanguage":"es","@id":"https:\/\/aeroportlleida.cat\/#\/schema\/logo\/image\/","url":"http:\/\/aeroportlleida.cat\/wp-content\/uploads\/2019\/04\/front-aero-lleida.jpg","contentUrl":"http:\/\/aeroportlleida.cat\/wp-content\/uploads\/2019\/04\/front-aero-lleida.jpg","width":2000,"height":950,"caption":"Aeroport de Lleida"},"image":{"@id":"https:\/\/aeroportlleida.cat\/#\/schema\/logo\/image\/"}}]}},"_links":{"self":[{"href":"https:\/\/aeroportlleida.cat\/es\/wp-json\/wp\/v2\/pages\/20424","targetHints":{"allow":["GET"]}}],"collection":[{"href":"https:\/\/aeroportlleida.cat\/es\/wp-json\/wp\/v2\/pages"}],"about":[{"href":"https:\/\/aeroportlleida.cat\/es\/wp-json\/wp\/v2\/types\/page"}],"author":[{"embeddable":true,"href":"https:\/\/aeroportlleida.cat\/es\/wp-json\/wp\/v2\/users\/8"}],"replies":[{"embeddable":true,"href":"https:\/\/aeroportlleida.cat\/es\/wp-json\/wp\/v2\/comments?post=20424"}],"version-history":[{"count":0,"href":"https:\/\/aeroportlleida.cat\/es\/wp-json\/wp\/v2\/pages\/20424\/revisions"}],"wp:attachment":[{"href":"https:\/\/aeroportlleida.cat\/es\/wp-json\/wp\/v2\/media?parent=20424"}],"curies":[{"name":"wp","href":"https:\/\/api.w.org\/{rel}","templated":true}]}}